{"id":578,"date":"2025-11-12T15:33:08","date_gmt":"2025-11-12T15:33:08","guid":{"rendered":"https:\/\/yannick-herzog.ch\/?page_id=578"},"modified":"2025-11-15T10:24:04","modified_gmt":"2025-11-15T10:24:04","slug":"ueber-mich-3","status":"publish","type":"page","link":"https:\/\/yannick-herzog.ch\/index.php\/ueber-mich-3\/","title":{"rendered":"\u00dcber mich"},"content":{"rendered":"\t\t<div data-elementor-type=\"wp-page\" data-elementor-id=\"578\" class=\"elementor elementor-578\" data-elementor-post-type=\"page\">\n\t\t\t\t<div class=\"elementor-element elementor-element-2757455 e-flex e-con-boxed e-con e-parent\" data-id=\"2757455\" data-element_type=\"container\" data-settings=\"{&quot;background_background&quot;:&quot;classic&quot;,&quot;background_motion_fx_motion_fx_scrolling&quot;:&quot;yes&quot;,&quot;background_motion_fx_translateY_effect&quot;:&quot;yes&quot;,&quot;background_motion_fx_translateY_speed&quot;:{&quot;unit&quot;:&quot;px&quot;,&quot;size&quot;:10,&quot;sizes&quot;:[]},&quot;background_motion_fx_translateY_affectedRange&quot;:{&quot;unit&quot;:&quot;%&quot;,&quot;size&quot;:&quot;&quot;,&quot;sizes&quot;:{&quot;start&quot;:0,&quot;end&quot;:100}},&quot;background_motion_fx_devices&quot;:[&quot;desktop&quot;,&quot;tablet&quot;,&quot;mobile&quot;]}\">\n\t\t\t\t\t<div class=\"e-con-inner\">\n\t\t\t\t<div class=\"elementor-element elementor-element-6038078 elementor-widget elementor-widget-heading\" data-id=\"6038078\" data-element_type=\"widget\" data-widget_type=\"heading.default\">\n\t\t\t\t<div class=\"elementor-widget-container\">\n\t\t\t\t\t<h2 class=\"elementor-heading-title elementor-size-default\">\u00dcber mich<\/h2>\t\t\t\t<\/div>\n\t\t\t\t<\/div>\n\t\t\t\t\t<\/div>\n\t\t\t\t<\/div>\n\t\t<div class=\"elementor-element elementor-element-6c33bbc e-flex e-con-boxed e-con e-parent\" data-id=\"6c33bbc\" data-element_type=\"container\" data-settings=\"{&quot;background_background&quot;:&quot;classic&quot;}\">\n\t\t\t\t\t<div class=\"e-con-inner\">\n\t\t\t\t<div class=\"elementor-element elementor-element-d0071cf elementor-widget elementor-widget-heading\" data-id=\"d0071cf\" data-element_type=\"widget\" data-widget_type=\"heading.default\">\n\t\t\t\t<div class=\"elementor-widget-container\">\n\t\t\t\t\t<h2 class=\"elementor-heading-title elementor-size-default\">Pers\u00f6nliches<\/h2>\t\t\t\t<\/div>\n\t\t\t\t<\/div>\n\t\t\t\t<div class=\"elementor-element elementor-element-3249346 elementor-widget elementor-widget-text-editor\" data-id=\"3249346\" data-element_type=\"widget\" data-widget_type=\"text-editor.default\">\n\t\t\t\t<div class=\"elementor-widget-container\">\n\t\t\t\t\t\t\t\t\t<p data-start=\"160\" data-end=\"434\"><span style=\"color: #ffffff;\">Mein Name ist Yannick Herzog. Aufgewachsen bin ich in einem kleinen, l\u00e4ndlichen Dorf zwischen Thun und Bern, welches bis heute mein Zuhause geblieben ist. Dort besuchte ich die Primar- und Sekundarschule, bevor ich meine Ausbildung zum Informatiker begann.<\/span><\/p><p data-start=\"436\" data-end=\"758\"><span style=\"color: #ffffff;\">Die Welt der Technik und Innovation hat mich schon fr\u00fch fasziniert, ein Interesse, das ich nun beruflich vertiefe. Neben meiner Ausbildung interessiere ich mich stark f\u00fcr Finanzen und Wirtschaft, insbesondere f\u00fcr unternehmerisches Denken und wirtschaftliche Zusammenh\u00e4nge, in denen ich mich k\u00fcnftig weiterbilden m\u00f6chte.<\/span><\/p><p data-start=\"760\" data-end=\"1014\"><span style=\"color: #ffffff;\">Auch die Musik begleitet mich seit meiner Kindheit: Ich spiele Klavier und habe \u00fcber die Jahre eine Leidenschaft f\u00fcr Film und Fotografie entwickelt. Dieses kreative Interesse hat mir ein gutes Gesp\u00fcr f\u00fcr Mediengestaltung und Videoproduktion vermittelt.<\/span><\/p><p data-start=\"1016\" data-end=\"1378\"><span style=\"color: #ffffff;\">Heute bringe ich dieses Wissen gezielt in mein politisches Engagement ein. Als aktives Mitglied der SVP setze ich mich vor allem im Bereich Social Media, Videobearbeitung und \u00d6ffentlichkeitsarbeit ein. Mein Ziel ist es, in Zukunft sowohl beruflich als auch politisch Verantwortung zu \u00fcbernehmen, f\u00fcr eine b\u00fcrgernahe, freiheitliche und selbstbestimmte Schweiz.<\/span><\/p>\t\t\t\t\t\t\t\t<\/div>\n\t\t\t\t<\/div>\n\t\t\t\t\t<\/div>\n\t\t\t\t<\/div>\n\t\t<div class=\"elementor-element elementor-element-d337077 e-flex e-con-boxed e-con e-parent\" data-id=\"d337077\" data-element_type=\"container\" data-settings=\"{&quot;background_background&quot;:&quot;classic&quot;,&quot;background_motion_fx_motion_fx_scrolling&quot;:&quot;yes&quot;,&quot;background_motion_fx_devices&quot;:[&quot;desktop&quot;,&quot;tablet&quot;,&quot;mobile&quot;]}\">\n\t\t\t\t\t<div class=\"e-con-inner\">\n\t\t\t\t<div class=\"elementor-element elementor-element-a829bfe elementor-widget elementor-widget-spacer\" data-id=\"a829bfe\" data-element_type=\"widget\" data-widget_type=\"spacer.default\">\n\t\t\t\t<div class=\"elementor-widget-container\">\n\t\t\t\t\t\t\t<div class=\"elementor-spacer\">\n\t\t\t<div class=\"elementor-spacer-inner\"><\/div>\n\t\t<\/div>\n\t\t\t\t\t\t<\/div>\n\t\t\t\t<\/div>\n\t\t\t\t\t<\/div>\n\t\t\t\t<\/div>\n\t\t<div class=\"elementor-element elementor-element-2526696 e-flex e-con-boxed e-con e-parent\" data-id=\"2526696\" data-element_type=\"container\" data-settings=\"{&quot;background_background&quot;:&quot;classic&quot;}\">\n\t\t\t\t\t<div class=\"e-con-inner\">\n\t\t\t\t<div class=\"elementor-element elementor-element-25263ae elementor-widget elementor-widget-heading\" data-id=\"25263ae\" data-element_type=\"widget\" data-widget_type=\"heading.default\">\n\t\t\t\t<div class=\"elementor-widget-container\">\n\t\t\t\t\t<h2 class=\"elementor-heading-title elementor-size-default\">Mein Weg in die Politik<\/h2>\t\t\t\t<\/div>\n\t\t\t\t<\/div>\n\t\t\t\t<div class=\"elementor-element elementor-element-61f186c elementor-widget elementor-widget-text-editor\" data-id=\"61f186c\" data-element_type=\"widget\" data-widget_type=\"text-editor.default\">\n\t\t\t\t<div class=\"elementor-widget-container\">\n\t\t\t\t\t\t\t\t\t<p data-start=\"215\" data-end=\"454\"><span style=\"color: #292929;\">Vor einigen Jahren h\u00e4tte wohl niemand, am wenigsten ich selbst, gedacht, dass ich einmal den Weg in die Politik einschlagen w\u00fcrde. Fr\u00fcher war Politik f\u00fcr mich etwas, das ich lieber anderen \u00fcberliess. Doch mit der Zeit \u00e4nderte sich das.<\/span><\/p><p data-start=\"456\" data-end=\"996\"><span style=\"color: #292929;\">W\u00e4hrend der Corona-Jahre wurde mir erstmals bewusst, wie stark politische Entscheidungen das t\u00e4gliche Leben pr\u00e4gen k\u00f6nnen. Themen wie Lockdowns, Maskenpflicht und Schulschliessungen l\u00f6sten intensive Diskussionen aus, in der Gesellschaft, aber auch in meinem Umfeld. Ich wollte verstehen, wie solche Entscheidungen entstehen, welche \u00dcberlegungen dahinterstehen und warum sie so unterschiedlich bewertet werden. Diese Zeit brachte mich dazu, mich objektiv mit Politik auseinanderzusetzen und mir eine eigene, ausgewogene Meinung zu bilden. Dabei merkte ich immer st\u00e4rker, dass ich nicht nur zusehen, sondern selbst mitbestimmen wollte, schliesslich geht es auch um meine Zukunft. Der Gedanke, eines Tages vielleicht im Bundeshaus zu sitzen und Verantwortung zu \u00fcbernehmen, inspirierte mich.<\/span><\/p><p data-start=\"1411\" data-end=\"1778\">\u00a0<\/p>\t\t\t\t\t\t\t\t<\/div>\n\t\t\t\t<\/div>\n\t\t<div class=\"elementor-element elementor-element-f64a942 e-con-full e-flex e-con e-child\" data-id=\"f64a942\" data-element_type=\"container\">\n\t\t<div class=\"elementor-element elementor-element-9d0e01c e-con-full e-flex e-con e-child\" data-id=\"9d0e01c\" data-element_type=\"container\">\n\t\t\t\t<div class=\"elementor-element elementor-element-1f451fa elementor-widget elementor-widget-text-editor\" data-id=\"1f451fa\" data-element_type=\"widget\" data-widget_type=\"text-editor.default\">\n\t\t\t\t<div class=\"elementor-widget-container\">\n\t\t\t\t\t\t\t\t\t<p data-start=\"1411\" data-end=\"1778\"><span style=\"color: #3d3d3d;\">Also stellte ich mir die Frage: Wie wird man \u00fcberhaupt politisch aktiv? Die Antwort war \u00fcberraschend einfach: Man tritt einer Partei bei. F\u00fcr mich war rasch klar, welche es sein w\u00fcrde, die SVP, deren Werte wie Eigenverantwortung, Freiheit und klare Haltung ich teile. Von da an ging alles schnell. Ich engagierte mich bei Veranstaltungen, brachte meine Kenntnisse in Social Media und Videoproduktion ein und \u00fcbernahm bald erste Aufgaben in der \u00d6ffentlichkeitsarbeit. Heute bin ich im Vorstand der SVP Seftigen, leite im Organisationskomitee der Grossratswahlen den Bereich Social Media und kandidiere selbst f\u00fcr den Grossen Rat 2026.<\/span><\/p><p data-start=\"1780\" data-end=\"1985\"><span style=\"color: #3d3d3d;\">Mein Ziel ist klar: Ich will Verantwortung \u00fcbernehmen und mich f\u00fcr eine starke, b\u00fcrgernahe und selbstbestimmte Schweiz einsetzen. Das Feuer, das damals entfacht wurde, brennt bis heute, st\u00e4rker denn je.<\/span><\/p>\t\t\t\t\t\t\t\t<\/div>\n\t\t\t\t<\/div>\n\t\t\t\t<\/div>\n\t\t<div class=\"elementor-element elementor-element-0235305 e-con-full e-flex e-con e-child\" data-id=\"0235305\" data-element_type=\"container\">\n\t\t\t\t<div class=\"elementor-element elementor-element-4fbd5bf elementor-widget elementor-widget-image\" data-id=\"4fbd5bf\" data-element_type=\"widget\" data-settings=\"{&quot;motion_fx_motion_fx_scrolling&quot;:&quot;yes&quot;,&quot;motion_fx_devices&quot;:[&quot;desktop&quot;,&quot;tablet&quot;,&quot;mobile&quot;]}\" data-widget_type=\"image.default\">\n\t\t\t\t<div class=\"elementor-widget-container\">\n\t\t\t\t\t\t\t\t\t\t\t\t\t\t\t<img fetchpriority=\"high\" decoding=\"async\" width=\"642\" height=\"625\" src=\"https:\/\/yannick-herzog.ch\/wp-content\/uploads\/2025\/11\/Screenshot-2025-11-13-100843-e1763029356794.png\" class=\"attachment-large size-large wp-image-628\" alt=\"\" srcset=\"https:\/\/yannick-herzog.ch\/wp-content\/uploads\/2025\/11\/Screenshot-2025-11-13-100843-e1763029356794.png 642w, https:\/\/yannick-herzog.ch\/wp-content\/uploads\/2025\/11\/Screenshot-2025-11-13-100843-e1763029356794-300x292.png 300w\" sizes=\"(max-width: 642px) 100vw, 642px\" \/>\t\t\t\t\t\t\t\t\t\t\t\t\t\t\t<\/div>\n\t\t\t\t<\/div>\n\t\t\t\t<\/div>\n\t\t\t\t<\/div>\n\t\t\t\t\t<\/div>\n\t\t\t\t<\/div>\n\t\t<div class=\"elementor-element elementor-element-ecbcef5 e-flex e-con-boxed e-con e-parent\" data-id=\"ecbcef5\" data-element_type=\"container\" data-settings=\"{&quot;background_background&quot;:&quot;classic&quot;}\">\n\t\t\t\t\t<div class=\"e-con-inner\">\n\t\t\t\t<div class=\"elementor-element elementor-element-31f242a elementor-widget elementor-widget-spacer\" data-id=\"31f242a\" data-element_type=\"widget\" data-widget_type=\"spacer.default\">\n\t\t\t\t<div class=\"elementor-widget-container\">\n\t\t\t\t\t\t\t<div class=\"elementor-spacer\">\n\t\t\t<div class=\"elementor-spacer-inner\"><\/div>\n\t\t<\/div>\n\t\t\t\t\t\t<\/div>\n\t\t\t\t<\/div>\n\t\t\t\t\t<\/div>\n\t\t\t\t<\/div>\n\t\t<div class=\"elementor-element elementor-element-a542b90 blurry e-flex e-con-boxed e-con e-parent\" data-id=\"a542b90\" data-element_type=\"container\" data-settings=\"{&quot;background_background&quot;:&quot;classic&quot;}\">\n\t\t\t\t\t<div class=\"e-con-inner\">\n\t\t<div class=\"elementor-element elementor-element-29c49d8 e-con-full e-flex e-con e-child\" data-id=\"29c49d8\" data-element_type=\"container\">\n\t\t\t\t<div class=\"elementor-element elementor-element-16665be elementor-widget elementor-widget-image\" data-id=\"16665be\" data-element_type=\"widget\" data-settings=\"{&quot;motion_fx_motion_fx_scrolling&quot;:&quot;yes&quot;,&quot;motion_fx_devices&quot;:[&quot;desktop&quot;,&quot;tablet&quot;,&quot;mobile&quot;]}\" data-widget_type=\"image.default\">\n\t\t\t\t<div class=\"elementor-widget-container\">\n\t\t\t\t\t\t\t\t\t\t\t\t\t\t\t<img decoding=\"async\" width=\"1024\" height=\"689\" src=\"https:\/\/yannick-herzog.ch\/wp-content\/uploads\/2025\/11\/WhatsApp-Bild-2025-10-29-um-20.40.11_45332b74-e1763030617449-1024x689.jpg\" class=\"attachment-large size-large wp-image-633\" alt=\"\" srcset=\"https:\/\/yannick-herzog.ch\/wp-content\/uploads\/2025\/11\/WhatsApp-Bild-2025-10-29-um-20.40.11_45332b74-e1763030617449-1024x689.jpg 1024w, https:\/\/yannick-herzog.ch\/wp-content\/uploads\/2025\/11\/WhatsApp-Bild-2025-10-29-um-20.40.11_45332b74-e1763030617449-300x202.jpg 300w, https:\/\/yannick-herzog.ch\/wp-content\/uploads\/2025\/11\/WhatsApp-Bild-2025-10-29-um-20.40.11_45332b74-e1763030617449-768x517.jpg 768w, https:\/\/yannick-herzog.ch\/wp-content\/uploads\/2025\/11\/WhatsApp-Bild-2025-10-29-um-20.40.11_45332b74-e1763030617449.jpg 1536w\" sizes=\"(max-width: 1024px) 100vw, 1024px\" \/>\t\t\t\t\t\t\t\t\t\t\t\t\t\t\t<\/div>\n\t\t\t\t<\/div>\n\t\t\t\t<\/div>\n\t\t<div class=\"elementor-element elementor-element-61ef4dd e-con-full blurry e-flex e-con e-child\" data-id=\"61ef4dd\" data-element_type=\"container\" data-settings=\"{&quot;background_background&quot;:&quot;classic&quot;}\">\n\t\t\t\t<div class=\"elementor-element elementor-element-72adb0e elementor-widget__width-initial elementor-widget elementor-widget-text-editor\" data-id=\"72adb0e\" data-element_type=\"widget\" data-widget_type=\"text-editor.default\">\n\t\t\t\t<div class=\"elementor-widget-container\">\n\t\t\t\t\t\t\t\t\t<p data-start=\"306\" data-end=\"465\">Ich wurde offiziell als Kandidat f\u00fcr den Grossen Rat des Kantons Bern nominiert, eine grosse Ehre und Verantwortung, die ich mit voller \u00dcberzeugung annehme.<\/p><p data-start=\"467\" data-end=\"744\">F\u00fcr unsere Zukunft m\u00f6chte ich mich engagieren. Mir ist wichtig, dass wir eine Schweiz erhalten, in der Leistung, Eigenverantwortung und Zusammenhalt z\u00e4hlen. Ich will mich daf\u00fcr einsetzen, dass unsere Werte, unsere Freiheit und unsere Sicherheit auch in Zukunft Bestand haben.<\/p><p data-start=\"746\" data-end=\"1084\">\u00a0<\/p>\t\t\t\t\t\t\t\t<\/div>\n\t\t\t\t<\/div>\n\t\t\t\t<\/div>\n\t\t\t\t\t<\/div>\n\t\t\t\t<\/div>\n\t\t<div class=\"elementor-element elementor-element-03c287c e-flex e-con-boxed e-con e-parent\" data-id=\"03c287c\" data-element_type=\"container\">\n\t\t\t\t\t<div class=\"e-con-inner\">\n\t\t\t\t<div class=\"elementor-element elementor-element-7e5f13d elementor-widget elementor-widget-text-editor\" data-id=\"7e5f13d\" data-element_type=\"widget\" data-widget_type=\"text-editor.default\">\n\t\t\t\t<div class=\"elementor-widget-container\">\n\t\t\t\t\t\t\t\t\t<p data-start=\"746\" data-end=\"1084\">Als junger Mensch sehe ich, wie stark sich unsere Gesellschaft ver\u00e4ndert. Viele Entscheidungen, die heute getroffen werden, haben direkte Auswirkungen auf unsere Generation und die kommenden. Darum ist es mir wichtig, dass auch junge Stimmen geh\u00f6rt werden, mit gesundem Menschenverstand, Bodenhaftung und klarem Blick auf die Realit\u00e4t.<\/p>\n<p data-start=\"1086\" data-end=\"1365\">Ich setze mich f\u00fcr eine starke Wirtschaft, faire Chancen f\u00fcr Lernende und Berufseinsteiger, eine sichere Energieversorgung sowie den Schutz unserer l\u00e4ndlichen Regionen ein. Politik soll wieder n\u00e4her bei den Menschen sein \u2013 ehrlich, verst\u00e4ndlich und mit Herzblut f\u00fcr unser Land.<\/p>\n<p data-start=\"1367\" data-end=\"1458\">Gemeinsam k\u00f6nnen wir viel bewegen, f\u00fcr eine Zukunft, auf die wir stolz sein k\u00f6nnen.<\/p>\t\t\t\t\t\t\t\t<\/div>\n\t\t\t\t<\/div>\n\t\t\t\t\t<\/div>\n\t\t\t\t<\/div>\n\t\t<div class=\"elementor-element elementor-element-197c47e e-flex e-con-boxed e-con e-parent\" data-id=\"197c47e\" data-element_type=\"container\" data-settings=\"{&quot;background_background&quot;:&quot;classic&quot;}\">\n\t\t\t\t\t<div class=\"e-con-inner\">\n\t\t<div class=\"elementor-element elementor-element-eeeeaa7 e-con-full e-flex e-con e-child\" data-id=\"eeeeaa7\" data-element_type=\"container\">\n\t\t\t\t<div class=\"elementor-element elementor-element-68a486a elementor-widget elementor-widget-text-editor\" data-id=\"68a486a\" data-element_type=\"widget\" data-widget_type=\"text-editor.default\">\n\t\t\t\t<div class=\"elementor-widget-container\">\n\t\t\t\t\t\t\t\t\t<h4><span style=\"color: #ffffff;\">Yannick Herzog<\/span><\/h4><p><span style=\"color: #ffffff;\">Sekret\u00e4r SVP Seftigen<\/span><\/p><p><span style=\"font-style: inherit; font-weight: inherit; color: #ffffff;\">Stv. Chef Social Media <\/span><span style=\"font-style: inherit; font-weight: inherit; color: #ffffff;\">JSVP Bern<\/span><\/p><p><span style=\"font-style: inherit; font-weight: inherit; color: #ffffff;\">Co-Pr\u00e4sident JUPA Thun<\/span><\/p>\t\t\t\t\t\t\t\t<\/div>\n\t\t\t\t<\/div>\n\t\t\t\t<\/div>\n\t\t<div class=\"elementor-element elementor-element-afa9456 e-con-full e-flex e-con e-child\" data-id=\"afa9456\" data-element_type=\"container\">\n\t\t\t\t<div class=\"elementor-element elementor-element-8fbfd29 elementor-widget elementor-widget-text-editor\" data-id=\"8fbfd29\" data-element_type=\"widget\" data-widget_type=\"text-editor.default\">\n\t\t\t\t<div class=\"elementor-widget-container\">\n\t\t\t\t\t\t\t\t\t<h4><span style=\"color: #ffffff;\">Kontakt<\/span><\/h4><p><span style=\"color: #ffffff;\">info@yannick-herzog.ch<\/span><\/p><p><span style=\"color: #ffffff;\">+41 77 539 12 53<\/span><\/p><p><span style=\"color: #ffffff; font-style: inherit; font-weight: inherit;\">Seftigen 3662<\/span><\/p>\t\t\t\t\t\t\t\t<\/div>\n\t\t\t\t<\/div>\n\t\t\t\t<\/div>\n\t\t<div class=\"elementor-element elementor-element-06d9544 e-con-full e-flex e-con e-child\" data-id=\"06d9544\" data-element_type=\"container\">\n\t\t\t\t<div class=\"elementor-element elementor-element-88e1120 elementor-widget elementor-widget-text-editor\" data-id=\"88e1120\" data-element_type=\"widget\" data-widget_type=\"text-editor.default\">\n\t\t\t\t<div class=\"elementor-widget-container\">\n\t\t\t\t\t\t\t\t\t<h4><span style=\"color: #ffffff;\">Links<\/span><\/h4><div><span style=\"color: #ffffff;\">Kontakt<\/span><\/div><div><span style=\"color: #ffffff;\">Datenschutz<\/span><\/div><p><span style=\"color: #ffffff; font-style: inherit; font-weight: inherit;\">Impressum<\/span><\/p>\t\t\t\t\t\t\t\t<\/div>\n\t\t\t\t<\/div>\n\t\t\t\t<\/div>\n\t\t<div class=\"elementor-element elementor-element-f93c3ce e-con-full e-flex e-con e-child\" data-id=\"f93c3ce\" data-element_type=\"container\">\n\t\t\t\t<div class=\"elementor-element elementor-element-e064b32 elementor-widget elementor-widget-text-editor\" data-id=\"e064b32\" data-element_type=\"widget\" data-widget_type=\"text-editor.default\">\n\t\t\t\t<div class=\"elementor-widget-container\">\n\t\t\t\t\t\t\t\t\t<h4><span style=\"color: #ffffff;\">Social Media<\/span><\/h4>\t\t\t\t\t\t\t\t<\/div>\n\t\t\t\t<\/div>\n\t\t\t\t<div class=\"elementor-element elementor-element-e3805bf e-grid-align-left elementor-shape-rounded elementor-grid-0 elementor-widget elementor-widget-social-icons\" data-id=\"e3805bf\" data-element_type=\"widget\" data-widget_type=\"social-icons.default\">\n\t\t\t\t<div class=\"elementor-widget-container\">\n\t\t\t\t\t\t\t<div class=\"elementor-social-icons-wrapper elementor-grid\" role=\"list\">\n\t\t\t\t\t\t\t<span class=\"elementor-grid-item\" role=\"listitem\">\n\t\t\t\t\t<a class=\"elementor-icon elementor-social-icon elementor-social-icon-instagram elementor-repeater-item-febd701\" href=\"https:\/\/www.instagram.com\/yannixx_herzog\/\" target=\"_blank\">\n\t\t\t\t\t\t<span class=\"elementor-screen-only\">Instagram<\/span>\n\t\t\t\t\t\t<svg aria-hidden=\"true\" class=\"e-font-icon-svg e-fab-instagram\" viewBox=\"0 0 448 512\" xmlns=\"http:\/\/www.w3.org\/2000\/svg\"><path d=\"M224.1 141c-63.6 0-114.9 51.3-114.9 114.9s51.3 114.9 114.9 114.9S339 319.5 339 255.9 287.7 141 224.1 141zm0 189.6c-41.1 0-74.7-33.5-74.7-74.7s33.5-74.7 74.7-74.7 74.7 33.5 74.7 74.7-33.6 74.7-74.7 74.7zm146.4-194.3c0 14.9-12 26.8-26.8 26.8-14.9 0-26.8-12-26.8-26.8s12-26.8 26.8-26.8 26.8 12 26.8 26.8zm76.1 27.2c-1.7-35.9-9.9-67.7-36.2-93.9-26.2-26.2-58-34.4-93.9-36.2-37-2.1-147.9-2.1-184.9 0-35.8 1.7-67.6 9.9-93.9 36.1s-34.4 58-36.2 93.9c-2.1 37-2.1 147.9 0 184.9 1.7 35.9 9.9 67.7 36.2 93.9s58 34.4 93.9 36.2c37 2.1 147.9 2.1 184.9 0 35.9-1.7 67.7-9.9 93.9-36.2 26.2-26.2 34.4-58 36.2-93.9 2.1-37 2.1-147.8 0-184.8zM398.8 388c-7.8 19.6-22.9 34.7-42.6 42.6-29.5 11.7-99.5 9-132.1 9s-102.7 2.6-132.1-9c-19.6-7.8-34.7-22.9-42.6-42.6-11.7-29.5-9-99.5-9-132.1s-2.6-102.7 9-132.1c7.8-19.6 22.9-34.7 42.6-42.6 29.5-11.7 99.5-9 132.1-9s102.7-2.6 132.1 9c19.6 7.8 34.7 22.9 42.6 42.6 11.7 29.5 9 99.5 9 132.1s2.7 102.7-9 132.1z\"><\/path><\/svg>\t\t\t\t\t<\/a>\n\t\t\t\t<\/span>\n\t\t\t\t\t\t\t<span class=\"elementor-grid-item\" role=\"listitem\">\n\t\t\t\t\t<a class=\"elementor-icon elementor-social-icon elementor-social-icon-x-twitter elementor-repeater-item-66a9987\" href=\"https:\/\/x.com\/yannick_herzog\" target=\"_blank\">\n\t\t\t\t\t\t<span class=\"elementor-screen-only\">X-twitter<\/span>\n\t\t\t\t\t\t<svg aria-hidden=\"true\" class=\"e-font-icon-svg e-fab-x-twitter\" viewBox=\"0 0 512 512\" xmlns=\"http:\/\/www.w3.org\/2000\/svg\"><path d=\"M389.2 48h70.6L305.6 224.2 487 464H345L233.7 318.6 106.5 464H35.8L200.7 275.5 26.8 48H172.4L272.9 180.9 389.2 48zM364.4 421.8h39.1L151.1 88h-42L364.4 421.8z\"><\/path><\/svg>\t\t\t\t\t<\/a>\n\t\t\t\t<\/span>\n\t\t\t\t\t\t\t<span class=\"elementor-grid-item\" role=\"listitem\">\n\t\t\t\t\t<a class=\"elementor-icon elementor-social-icon elementor-social-icon-facebook elementor-repeater-item-7bee9dc\" target=\"_blank\">\n\t\t\t\t\t\t<span class=\"elementor-screen-only\">Facebook<\/span>\n\t\t\t\t\t\t<svg aria-hidden=\"true\" class=\"e-font-icon-svg e-fab-facebook\" viewBox=\"0 0 512 512\" xmlns=\"http:\/\/www.w3.org\/2000\/svg\"><path d=\"M504 256C504 119 393 8 256 8S8 119 8 256c0 123.78 90.69 226.38 209.25 245V327.69h-63V256h63v-54.64c0-62.15 37-96.48 93.67-96.48 27.14 0 55.52 4.84 55.52 4.84v61h-31.28c-30.8 0-40.41 19.12-40.41 38.73V256h68.78l-11 71.69h-57.78V501C413.31 482.38 504 379.78 504 256z\"><\/path><\/svg>\t\t\t\t\t<\/a>\n\t\t\t\t<\/span>\n\t\t\t\t\t<\/div>\n\t\t\t\t\t\t<\/div>\n\t\t\t\t<\/div>\n\t\t\t\t<\/div>\n\t\t\t\t\t<\/div>\n\t\t\t\t<\/div>\n\t\t\t\t<\/div>\n\t\t","protected":false},"excerpt":{"rendered":"<p>\u00dcber mich Pers\u00f6nliches Mein Name ist Yannick Herzog. Aufgewachsen bin ich in einem kleinen, l\u00e4ndlichen Dorf zwischen Thun und Bern, [&hellip;]<\/p>\n","protected":false},"author":2,"featured_media":0,"parent":0,"menu_order":0,"comment_status":"closed","ping_status":"closed","template":"","meta":{"site-sidebar-layout":"no-sidebar","site-content-layout":"","ast-site-content-layout":"full-width-container","site-content-style":"default","site-sidebar-style":"default","ast-global-header-display":"","ast-banner-title-visibility":"","ast-main-header-display":"","ast-hfb-above-header-display":"","ast-hfb-below-header-display":"","ast-hfb-mobile-header-display":"","site-post-title":"","ast-breadcrumbs-content":"","ast-featured-img":"disabled","footer-sml-layout":"","theme-transparent-header-meta":"","adv-header-id-meta":"","stick-header-meta":"","header-above-stick-meta":"","header-main-stick-meta":"","header-below-stick-meta":"","astra-migrate-meta-layouts":"default","ast-page-background-enabled":"default","ast-page-background-meta":{"desktop":{"background-color":"var(--ast-global-color-5)","background-image":"","background-repeat":"repeat","background-position":"center center","background-size":"auto","background-attachment":"scroll","background-type":"","background-media":"","overlay-type":"","overlay-color":"","overlay-opacity":"","overlay-gradient":""},"tablet":{"background-color":"","background-image":"","background-repeat":"repeat","background-position":"center center","background-size":"auto","background-attachment":"scroll","background-type":"","background-media":"","overlay-type":"","overlay-color":"","overlay-opacity":"","overlay-gradient":""},"mobile":{"background-color":"","background-image":"","background-repeat":"repeat","background-position":"center center","background-size":"auto","background-attachment":"scroll","background-type":"","background-media":"","overlay-type":"","overlay-color":"","overlay-opacity":"","overlay-gradient":""}},"ast-content-background-meta":{"desktop":{"background-color":"var(--ast-global-color-4)","background-image":"","background-repeat":"repeat","background-position":"center center","background-size":"auto","background-attachment":"scroll","background-type":"","background-media":"","overlay-type":"","overlay-color":"","overlay-opacity":"","overlay-gradient":""},"tablet":{"background-color":"var(--ast-global-color-4)","background-image":"","background-repeat":"repeat","background-position":"center center","background-size":"auto","background-attachment":"scroll","background-type":"","background-media":"","overlay-type":"","overlay-color":"","overlay-opacity":"","overlay-gradient":""},"mobile":{"background-color":"var(--ast-global-color-4)","background-image":"","background-repeat":"repeat","background-position":"center center","background-size":"auto","background-attachment":"scroll","background-type":"","background-media":"","overlay-type":"","overlay-color":"","overlay-opacity":"","overlay-gradient":""}},"footnotes":""},"class_list":["post-578","page","type-page","status-publish","hentry"],"_links":{"self":[{"href":"https:\/\/yannick-herzog.ch\/index.php\/wp-json\/wp\/v2\/pages\/578","targetHints":{"allow":["GET"]}}],"collection":[{"href":"https:\/\/yannick-herzog.ch\/index.php\/wp-json\/wp\/v2\/pages"}],"about":[{"href":"https:\/\/yannick-herzog.ch\/index.php\/wp-json\/wp\/v2\/types\/page"}],"author":[{"embeddable":true,"href":"https:\/\/yannick-herzog.ch\/index.php\/wp-json\/wp\/v2\/users\/2"}],"replies":[{"embeddable":true,"href":"https:\/\/yannick-herzog.ch\/index.php\/wp-json\/wp\/v2\/comments?post=578"}],"version-history":[{"count":37,"href":"https:\/\/yannick-herzog.ch\/index.php\/wp-json\/wp\/v2\/pages\/578\/revisions"}],"predecessor-version":[{"id":892,"href":"https:\/\/yannick-herzog.ch\/index.php\/wp-json\/wp\/v2\/pages\/578\/revisions\/892"}],"wp:attachment":[{"href":"https:\/\/yannick-herzog.ch\/index.php\/wp-json\/wp\/v2\/media?parent=578"}],"curies":[{"name":"wp","href":"https:\/\/api.w.org\/{rel}","templated":true}]}}